{"id":196,"date":"2021-09-09T18:56:23","date_gmt":"2021-09-09T18:56:23","guid":{"rendered":"https:\/\/davidlesaux.live-website.com\/?page_id=196"},"modified":"2021-09-09T18:56:24","modified_gmt":"2021-09-09T18:56:24","slug":"mentions-legales","status":"publish","type":"page","link":"https:\/\/dls-menuiserie.fr\/?page_id=196","title":{"rendered":"Mentions l\u00e9gales"},"content":{"rendered":"\n<p>Conform\u00e9ment \u00e0 l\u2019article n\u00b06 de la Loi n\u00b02004-575 du 21 Juin 2004 pour la confiance dans l\u2019\u00e9conomie num\u00e9rique, les responsables du pr\u00e9sent dls-menuiserie sont :<\/p>\n\n\n\n<p><strong>\u00c9DITEUR<\/strong><\/p>\n\n\n\n<p>Le site\u00a0\u00a0www.dls-menuiserie.fr\u00a0est la propri\u00e9t\u00e9 exclusive de DLS SARL<\/p>\n\n\n\n<p>Siret: 84924190600015\u00a0<br>Adresse : 2 bis Traou lan 22470 Plouezec<br>Adresse de courrier \u00e9lectronique : des.batiment@hotmail.com<br>Directreur de la\u00a0publication : David Le Saux<\/p>\n\n\n\n<p><strong>WEBMASTER<\/strong><\/p>\n\n\n\n<p>David Le Saux<\/p>\n\n\n\n<p><strong>H\u00c9BERGEMENT<\/strong><\/p>\n\n\n\n<p>Le site est h\u00e9berg\u00e9 par:<br><\/p>\n\n\n\n<figure id=\"Egj\" class=\"wp-block-table\"><table><tbody><tr><td><\/td><\/tr><\/tbody><\/table><\/figure>\n\n\n\n<p id=\"Egh\">1&amp;1 IONOS SARL&nbsp;&nbsp;<br>7, place de la Gare&nbsp;&nbsp;<br>BP 70109&nbsp;&nbsp;<br>57201 Sarreguemines Cedex&nbsp;<br>SIRET 431 303 775 000 16 &#8211; APE 642 B &#8211; R.C.S Sarreguemines B 431 303 775&nbsp;<br>Identification intracommunautaire FR 13 431303775&nbsp;<\/p>\n","protected":false},"excerpt":{"rendered":"<p>Conform\u00e9ment \u00e0 l\u2019article n\u00b06 de la Loi n\u00b02004-575 du 21 Juin 2004 pour la confiance dans l\u2019\u00e9conomie num\u00e9rique, les responsables du pr\u00e9sent dls-menuiserie sont : \u00c9DITEUR Le site\u00a0\u00a0www.dls-menuiserie.fr\u00a0est la propri\u00e9t\u00e9 exclusive de DLS SARL Siret: 84924190600015\u00a0Adresse : 2 bis Traou lan 22470 PlouezecAdresse de courrier \u00e9lectronique : des.batiment@hotmail.comDirectreur de la\u00a0publication : David Le Saux WEBMASTER [&hellip;]<\/p>\n","protected":false},"author":1,"featured_media":0,"parent":0,"menu_order":0,"comment_status":"closed","ping_status":"closed","template":"","meta":{"_et_pb_use_builder":"off","_et_pb_old_content":"","_et_gb_content_width":"","footnotes":""},"class_list":["post-196","page","type-page","status-publish","hentry"],"_links":{"self":[{"href":"https:\/\/dls-menuiserie.fr\/index.php?rest_route=\/wp\/v2\/pages\/196","targetHints":{"allow":["GET"]}}],"collection":[{"href":"https:\/\/dls-menuiserie.fr\/index.php?rest_route=\/wp\/v2\/pages"}],"about":[{"href":"https:\/\/dls-menuiserie.fr\/index.php?rest_route=\/wp\/v2\/types\/page"}],"author":[{"embeddable":true,"href":"https:\/\/dls-menuiserie.fr\/index.php?rest_route=\/wp\/v2\/users\/1"}],"replies":[{"embeddable":true,"href":"https:\/\/dls-menuiserie.fr\/index.php?rest_route=%2Fwp%2Fv2%2Fcomments&post=196"}],"version-history":[{"count":1,"href":"https:\/\/dls-menuiserie.fr\/index.php?rest_route=\/wp\/v2\/pages\/196\/revisions"}],"predecessor-version":[{"id":198,"href":"https:\/\/dls-menuiserie.fr\/index.php?rest_route=\/wp\/v2\/pages\/196\/revisions\/198"}],"wp:attachment":[{"href":"https:\/\/dls-menuiserie.fr\/index.php?rest_route=%2Fwp%2Fv2%2Fmedia&parent=196"}],"curies":[{"name":"wp","href":"https:\/\/api.w.org\/{rel}","templated":true}]}}